{"id":8,"date":"2024-08-23T01:01:43","date_gmt":"2024-08-23T01:01:43","guid":{"rendered":"https:\/\/www.dual6373.odns.fr\/8-2\/"},"modified":"2024-09-26T22:27:31","modified_gmt":"2024-09-26T22:27:31","slug":"mentions-legales","status":"publish","type":"page","link":"https:\/\/www.mybottledesign.pro\/en\/mentions-legales\/","title":{"rendered":"Legal notices"},"content":{"rendered":"<div data-elementor-type=\"wp-page\" data-elementor-id=\"8\" class=\"elementor elementor-8\">\n\t\t\t\t<div class=\"elementor-element elementor-element-6ff3511 e-flex e-con-boxed wpr-particle-no wpr-jarallax-no wpr-parallax-no wpr-sticky-section-no e-con e-parent\" data-id=\"6ff3511\" data-element_type=\"container\">\n\t\t\t\t\t<div class=\"e-con-inner\">\n\t\t\t\t<div class=\"elementor-element elementor-element-d3a3dd0 elementor-widget elementor-widget-text-editor\" data-id=\"d3a3dd0\" data-element_type=\"widget\" data-widget_type=\"text-editor.default\">\n\t\t\t\t<div class=\"elementor-widget-container\">\n\t\t\t\t\t\t\t\t\t<p style=\"text-align: justify;\"><strong>THIS SITE IS EDITED BY:<\/strong><\/p><p style=\"text-align: justify;\">Luxury Water Company \u2013 Watershop, SAS au capital de 14 100 \u20ac<\/p><p style=\"text-align: justify;\">26-28 rue de Chamb\u00e9ry \u2013 75015 Paris<\/p><p style=\"text-align: justify;\">RCS Paris SIREN 832139471 \u2013 APE 4634Z \u2013 TVA Intra FR41832139471<\/p><p style=\"text-align: justify;\">Director of Publication : Samuel Gaubert, President<\/p><p style=\"text-align: justify;\"><strong>INFORMATIONS<\/strong><\/p><p style=\"text-align: justify;\">Hosting : o2switch<\/p><p style=\"text-align: justify;\">Website creation: Homespotweb.com<\/p><p style=\"text-align: justify;\"><strong>DROITS D&rsquo;AUTEUR ET COPYRIGHT :<\/strong><\/p><p style=\"text-align: justify;\">The brands and logos appearing on this site are registered trademarks of watershop.fr<br \/>Their mention in no way grants a license or right to use said trademarks, which cannot therefore be used without the prior written consent of the owner of the trademark under penalty of counterfeiting. All of the information on this site can be downloaded, reproduced, printed subject to:<\/p><p style=\"text-align: justify;\">Use such information only for personal purposes and in no way for commercial purposes.<br \/>Do not modify such information.<br \/>Reproduce on all copies the mention of the copyright of Watershop. Any other use not expressly authorized or any total or partial representation of this site, by any process whatsoever, is strictly prohibited without prior written authorization from watershop.fr<\/p><p style=\"text-align: justify;\"><strong>DATA PROTECTION ACT<\/strong><\/p><p style=\"text-align: justify;\">Personal data collected on the site via the sending of e-mails are exclusively intended for the transmission of the requested information. The addresses collected will not be transmitted to third parties under any circumstances.<br \/>You have the right to access and rectify your personal data in accordance with Article 34 of Law 78-17 of 6 January 1978 relating to information, files and freedoms. To exercise this right, please contact us by email at contact@mybotlledesign.com or, in writing, at Watershop.fr, 12, rue Saint Sa\u00ebns 75015 Paris.<\/p><p style=\"text-align: justify;\"><strong>INFORMATION PROVIDED:<\/strong><\/p><p style=\"text-align: justify;\">The information on this site is provided for information purposes only. The existence of a link to another site does not constitute a validation of this site or its content. The publisher cannot be held liable for the products, services or information available on or from these websites.<\/p>\t\t\t\t\t\t\t\t<\/div>\n\t\t\t\t<\/div>\n\t\t\t\t\t<\/div>\n\t\t\t\t<\/div>\n\t\t\t\t<\/div>","protected":false},"excerpt":{"rendered":"<p>CE SITE EST \u00c9DIT\u00c9 PAR : Luxury Water Company \u2013 Watershop, SAS au capital de 14 100 \u20ac 26-28 rue de Chamb\u00e9ry \u2013 75015 Paris RCS Paris SIREN 832139471 \u2013 APE 4634Z \u2013 TVA Intra FR41832139471 Directeur de la publication : Samuel Gaubert, Pr\u00e9sident INFORMATIONS H\u00e9bergement : o2switch Cr\u00e9ation de site internet : Homespotweb.com DROITS D&rsquo;AUTEUR ET COPYRIGHT : Les marques et logos figurant sur ce site sont des marques d\u00e9pos\u00e9es par watershop.frLeur mention n\u2019accorde en aucune mani\u00e8re une licence ou un droit d\u2019utilisation quelconque desdites marques, qui ne peuvent donc \u00eatre utilis\u00e9es sans le consentement pr\u00e9alable et \u00e9crit du propri\u00e9taire de la marque sous peine de contrefa\u00e7on. L\u2019ensemble des informations pr\u00e9sentes sur ce site peut \u00eatre t\u00e9l\u00e9charg\u00e9, reproduit, imprim\u00e9 sous r\u00e9serve de : N\u2019utiliser de telles informations qu\u2019\u00e0 des fins personnelles et en aucune mani\u00e8re \u00e0 des fins commerciales.Ne pas modifier de telles informations.Reproduire sur toutes copies la mention des droits d\u2019auteur (\u00ab le copyright \u00bb) de Watershop. Toute autre utilisation non express\u00e9ment autoris\u00e9e ou toute repr\u00e9sentation totale ou partielle de ce site, par quelque proc\u00e9d\u00e9 que ce soit, est strictement interdite sans autorisation pr\u00e9alable et \u00e9crite de watershop.fr LOI INFORMATIQUE ET LIBERT\u00c9S Les donn\u00e9es personnelles recueillies sur le site via l\u2019envoi d\u2019e-mail sont exclusivement destin\u00e9es \u00e0 la transmission des informations demand\u00e9es. Les adresses collect\u00e9es ne seront en aucun cas transmises \u00e0 des tiers.Vous disposez d\u2019un droit d\u2019acc\u00e8s et de rectification de vos donn\u00e9es nominatives conform\u00e9ment \u00e0 l\u2019article 34 de la loi 78-17 du 6 janvier 1978 relative \u00e0 l\u2019information, aux fichiers et libert\u00e9s. Pour exercer ce droit, adressez-vous par mail \u00e0 contact@mybotlledesign.com ou, par \u00e9crit, aupr\u00e8s de Watershop.fr, 12, rue Saint Sa\u00ebns 75015 Paris. INFORMATIONS MISES \u00c0 DISPOSITIONS : Les informations figurant sur le pr\u00e9sent site ne sont formul\u00e9es qu\u2019\u00e0 titre indicatif. L\u2019existence d\u2019un lien vers un autre site ne constitue pas une validation de ce site ou de son contenu. La responsabilit\u00e9 de l\u2019\u00e9diteur ne saurait \u00eatre engag\u00e9e en ce qui concerne les produits, services, informations disponibles sur, ou \u00e0 partir de ces sites Internet.<\/p>","protected":false},"author":1,"featured_media":0,"parent":0,"menu_order":0,"comment_status":"closed","ping_status":"closed","template":"","meta":{"inline_featured_image":false,"site-sidebar-layout":"no-sidebar","site-content-layout":"page-builder","ast-site-content-layout":"default","site-content-style":"default","site-sidebar-style":"default","ast-global-header-display":"","ast-banner-title-visibility":"","ast-main-header-display":"","ast-hfb-above-header-display":"","ast-hfb-below-header-display":"","ast-hfb-mobile-header-display":"","site-post-title":"","ast-breadcrumbs-content":"","ast-featured-img":"disabled","footer-sml-layout":"","theme-transparent-header-meta":"","adv-header-id-meta":"","stick-header-meta":"","header-above-stick-meta":"","header-main-stick-meta":"","header-below-stick-meta":"","astra-migrate-meta-layouts":"set","ast-page-background-enabled":"default","ast-page-background-meta":{"desktop":{"background-color":"var(--ast-global-color-4)","background-image":"","background-repeat":"repeat","background-position":"center center","background-size":"auto","background-attachment":"scroll","background-type":"","background-media":"","overlay-type":"","overlay-color":"","overlay-opacity":"","overlay-gradient":""},"tablet":{"background-color":"","background-image":"","background-repeat":"repeat","background-position":"center center","background-size":"auto","background-attachment":"scroll","background-type":"","background-media":"","overlay-type":"","overlay-color":"","overlay-opacity":"","overlay-gradient":""},"mobile":{"background-color":"","background-image":"","background-repeat":"repeat","background-position":"center center","background-size":"auto","background-attachment":"scroll","background-type":"","background-media":"","overlay-type":"","overlay-color":"","overlay-opacity":"","overlay-gradient":""}},"ast-content-background-meta":{"desktop":{"background-color":"var(--ast-global-color-5)","background-image":"","background-repeat":"repeat","background-position":"center center","background-size":"auto","background-attachment":"scroll","background-type":"","background-media":"","overlay-type":"","overlay-color":"","overlay-opacity":"","overlay-gradient":""},"tablet":{"background-color":"var(--ast-global-color-5)","background-image":"","background-repeat":"repeat","background-position":"center center","background-size":"auto","background-attachment":"scroll","background-type":"","background-media":"","overlay-type":"","overlay-color":"","overlay-opacity":"","overlay-gradient":""},"mobile":{"background-color":"var(--ast-global-color-5)","background-image":"","background-repeat":"repeat","background-position":"center center","background-size":"auto","background-attachment":"scroll","background-type":"","background-media":"","overlay-type":"","overlay-color":"","overlay-opacity":"","overlay-gradient":""}},"footnotes":""},"class_list":["post-8","page","type-page","status-publish","hentry"],"yoast_head":"<!-- This site is optimized with the Yoast SEO plugin v26.0 - https:\/\/yoast.com\/wordpress\/plugins\/seo\/ -->\n<title>Mentions l\u00e9gales - My Bottle Design<\/title>\n<meta name=\"robots\" content=\"index, follow, max-snippet:-1, max-image-preview:large, max-video-preview:-1\" \/>\n<link rel=\"canonical\" href=\"https:\/\/www.mybottledesign.pro\/en\/mentions-legales\/\" \/>\n<meta property=\"og:locale\" content=\"en_GB\" \/>\n<meta property=\"og:type\" content=\"article\" \/>\n<meta property=\"og:title\" content=\"Mentions l\u00e9gales - My Bottle Design\" \/>\n<meta property=\"og:description\" content=\"CE SITE EST \u00c9DIT\u00c9 PAR : Luxury Water Company \u2013 Watershop, SAS au capital de 14 100 \u20ac 26-28 rue de Chamb\u00e9ry \u2013 75015 Paris RCS Paris SIREN 832139471 \u2013 APE 4634Z \u2013 TVA Intra FR41832139471 Directeur de la publication : Samuel Gaubert, Pr\u00e9sident INFORMATIONS H\u00e9bergement : o2switch Cr\u00e9ation de site internet : Homespotweb.com DROITS D&rsquo;AUTEUR ET COPYRIGHT : Les marques et logos figurant sur ce site sont des marques d\u00e9pos\u00e9es par watershop.frLeur mention n\u2019accorde en aucune mani\u00e8re une licence ou un droit d\u2019utilisation quelconque desdites marques, qui ne peuvent donc \u00eatre utilis\u00e9es sans le consentement pr\u00e9alable et \u00e9crit du propri\u00e9taire de la marque sous peine de contrefa\u00e7on. L\u2019ensemble des informations pr\u00e9sentes sur ce site peut \u00eatre t\u00e9l\u00e9charg\u00e9, reproduit, imprim\u00e9 sous r\u00e9serve de : N\u2019utiliser de telles informations qu\u2019\u00e0 des fins personnelles et en aucune mani\u00e8re \u00e0 des fins commerciales.Ne pas modifier de telles informations.Reproduire sur toutes copies la mention des droits d\u2019auteur (\u00ab le copyright \u00bb) de Watershop. Toute autre utilisation non express\u00e9ment autoris\u00e9e ou toute repr\u00e9sentation totale ou partielle de ce site, par quelque proc\u00e9d\u00e9 que ce soit, est strictement interdite sans autorisation pr\u00e9alable et \u00e9crite de watershop.fr LOI INFORMATIQUE ET LIBERT\u00c9S Les donn\u00e9es personnelles recueillies sur le site via l\u2019envoi d\u2019e-mail sont exclusivement destin\u00e9es \u00e0 la transmission des informations demand\u00e9es. Les adresses collect\u00e9es ne seront en aucun cas transmises \u00e0 des tiers.Vous disposez d\u2019un droit d\u2019acc\u00e8s et de rectification de vos donn\u00e9es nominatives conform\u00e9ment \u00e0 l\u2019article 34 de la loi 78-17 du 6 janvier 1978 relative \u00e0 l\u2019information, aux fichiers et libert\u00e9s. Pour exercer ce droit, adressez-vous par mail \u00e0 contact@mybotlledesign.com ou, par \u00e9crit, aupr\u00e8s de Watershop.fr, 12, rue Saint Sa\u00ebns 75015 Paris. INFORMATIONS MISES \u00c0 DISPOSITIONS : Les informations figurant sur le pr\u00e9sent site ne sont formul\u00e9es qu\u2019\u00e0 titre indicatif. L\u2019existence d\u2019un lien vers un autre site ne constitue pas une validation de ce site ou de son contenu. La responsabilit\u00e9 de l\u2019\u00e9diteur ne saurait \u00eatre engag\u00e9e en ce qui concerne les produits, services, informations disponibles sur, ou \u00e0 partir de ces sites Internet.\" \/>\n<meta property=\"og:url\" content=\"https:\/\/www.mybottledesign.pro\/en\/mentions-legales\/\" \/>\n<meta property=\"og:site_name\" content=\"My Bottle Design\" \/>\n<meta property=\"article:modified_time\" content=\"2024-09-26T22:27:31+00:00\" \/>\n<meta name=\"twitter:card\" content=\"summary_large_image\" \/>\n<meta name=\"twitter:label1\" content=\"Estimated reading time\" \/>\n\t<meta name=\"twitter:data1\" content=\"2 minutes\" \/>\n<script type=\"application\/ld+json\" class=\"yoast-schema-graph\">{\"@context\":\"https:\/\/schema.org\",\"@graph\":[{\"@type\":\"WebPage\",\"@id\":\"https:\/\/www.mybottledesign.pro\/mentions-legales\/\",\"url\":\"https:\/\/www.mybottledesign.pro\/mentions-legales\/\",\"name\":\"Mentions l\u00e9gales - My Bottle Design\",\"isPartOf\":{\"@id\":\"https:\/\/www.mybottledesign.pro\/#website\"},\"datePublished\":\"2024-08-23T01:01:43+00:00\",\"dateModified\":\"2024-09-26T22:27:31+00:00\",\"breadcrumb\":{\"@id\":\"https:\/\/www.mybottledesign.pro\/mentions-legales\/#breadcrumb\"},\"inLanguage\":\"en-GB\",\"potentialAction\":[{\"@type\":\"ReadAction\",\"target\":[\"https:\/\/www.mybottledesign.pro\/mentions-legales\/\"]}]},{\"@type\":\"BreadcrumbList\",\"@id\":\"https:\/\/www.mybottledesign.pro\/mentions-legales\/#breadcrumb\",\"itemListElement\":[{\"@type\":\"ListItem\",\"position\":1,\"name\":\"Accueil\",\"item\":\"https:\/\/www.mybottledesign.pro\/\"},{\"@type\":\"ListItem\",\"position\":2,\"name\":\"Mentions l\u00e9gales\"}]},{\"@type\":\"WebSite\",\"@id\":\"https:\/\/www.mybottledesign.pro\/#website\",\"url\":\"https:\/\/www.mybottledesign.pro\/\",\"name\":\"My bottle design\",\"description\":\"Bouteilles personnalis\u00e9es\",\"publisher\":{\"@id\":\"https:\/\/www.mybottledesign.pro\/#organization\"},\"potentialAction\":[{\"@type\":\"SearchAction\",\"target\":{\"@type\":\"EntryPoint\",\"urlTemplate\":\"https:\/\/www.mybottledesign.pro\/?s={search_term_string}\"},\"query-input\":{\"@type\":\"PropertyValueSpecification\",\"valueRequired\":true,\"valueName\":\"search_term_string\"}}],\"inLanguage\":\"en-GB\"},{\"@type\":\"Organization\",\"@id\":\"https:\/\/www.mybottledesign.pro\/#organization\",\"name\":\"My bottle design\",\"url\":\"https:\/\/www.mybottledesign.pro\/\",\"logo\":{\"@type\":\"ImageObject\",\"inLanguage\":\"en-GB\",\"@id\":\"https:\/\/www.mybottledesign.pro\/#\/schema\/logo\/image\/\",\"url\":\"https:\/\/www.mybottledesign.pro\/wp-content\/uploads\/2024\/10\/cropped-cropped-logoblack-1.png\",\"contentUrl\":\"https:\/\/www.mybottledesign.pro\/wp-content\/uploads\/2024\/10\/cropped-cropped-logoblack-1.png\",\"width\":671,\"height\":66,\"caption\":\"My bottle design\"},\"image\":{\"@id\":\"https:\/\/www.mybottledesign.pro\/#\/schema\/logo\/image\/\"}}]}<\/script>\n<!-- \/ Yoast SEO plugin. -->","yoast_head_json":{"title":"Mentions l\u00e9gales - My Bottle Design","robots":{"index":"index","follow":"follow","max-snippet":"max-snippet:-1","max-image-preview":"max-image-preview:large","max-video-preview":"max-video-preview:-1"},"canonical":"https:\/\/www.mybottledesign.pro\/en\/mentions-legales\/","og_locale":"en_GB","og_type":"article","og_title":"Mentions l\u00e9gales - My Bottle Design","og_description":"CE SITE EST \u00c9DIT\u00c9 PAR : Luxury Water Company \u2013 Watershop, SAS au capital de 14 100 \u20ac 26-28 rue de Chamb\u00e9ry \u2013 75015 Paris RCS Paris SIREN 832139471 \u2013 APE 4634Z \u2013 TVA Intra FR41832139471 Directeur de la publication : Samuel Gaubert, Pr\u00e9sident INFORMATIONS H\u00e9bergement : o2switch Cr\u00e9ation de site internet : Homespotweb.com DROITS D&rsquo;AUTEUR ET COPYRIGHT : Les marques et logos figurant sur ce site sont des marques d\u00e9pos\u00e9es par watershop.frLeur mention n\u2019accorde en aucune mani\u00e8re une licence ou un droit d\u2019utilisation quelconque desdites marques, qui ne peuvent donc \u00eatre utilis\u00e9es sans le consentement pr\u00e9alable et \u00e9crit du propri\u00e9taire de la marque sous peine de contrefa\u00e7on. L\u2019ensemble des informations pr\u00e9sentes sur ce site peut \u00eatre t\u00e9l\u00e9charg\u00e9, reproduit, imprim\u00e9 sous r\u00e9serve de : N\u2019utiliser de telles informations qu\u2019\u00e0 des fins personnelles et en aucune mani\u00e8re \u00e0 des fins commerciales.Ne pas modifier de telles informations.Reproduire sur toutes copies la mention des droits d\u2019auteur (\u00ab le copyright \u00bb) de Watershop. Toute autre utilisation non express\u00e9ment autoris\u00e9e ou toute repr\u00e9sentation totale ou partielle de ce site, par quelque proc\u00e9d\u00e9 que ce soit, est strictement interdite sans autorisation pr\u00e9alable et \u00e9crite de watershop.fr LOI INFORMATIQUE ET LIBERT\u00c9S Les donn\u00e9es personnelles recueillies sur le site via l\u2019envoi d\u2019e-mail sont exclusivement destin\u00e9es \u00e0 la transmission des informations demand\u00e9es. Les adresses collect\u00e9es ne seront en aucun cas transmises \u00e0 des tiers.Vous disposez d\u2019un droit d\u2019acc\u00e8s et de rectification de vos donn\u00e9es nominatives conform\u00e9ment \u00e0 l\u2019article 34 de la loi 78-17 du 6 janvier 1978 relative \u00e0 l\u2019information, aux fichiers et libert\u00e9s. Pour exercer ce droit, adressez-vous par mail \u00e0 contact@mybotlledesign.com ou, par \u00e9crit, aupr\u00e8s de Watershop.fr, 12, rue Saint Sa\u00ebns 75015 Paris. INFORMATIONS MISES \u00c0 DISPOSITIONS : Les informations figurant sur le pr\u00e9sent site ne sont formul\u00e9es qu\u2019\u00e0 titre indicatif. L\u2019existence d\u2019un lien vers un autre site ne constitue pas une validation de ce site ou de son contenu. La responsabilit\u00e9 de l\u2019\u00e9diteur ne saurait \u00eatre engag\u00e9e en ce qui concerne les produits, services, informations disponibles sur, ou \u00e0 partir de ces sites Internet.","og_url":"https:\/\/www.mybottledesign.pro\/en\/mentions-legales\/","og_site_name":"My Bottle Design","article_modified_time":"2024-09-26T22:27:31+00:00","twitter_card":"summary_large_image","twitter_misc":{"Estimated reading time":"2 minutes"},"schema":{"@context":"https:\/\/schema.org","@graph":[{"@type":"WebPage","@id":"https:\/\/www.mybottledesign.pro\/mentions-legales\/","url":"https:\/\/www.mybottledesign.pro\/mentions-legales\/","name":"Mentions l\u00e9gales - My Bottle Design","isPartOf":{"@id":"https:\/\/www.mybottledesign.pro\/#website"},"datePublished":"2024-08-23T01:01:43+00:00","dateModified":"2024-09-26T22:27:31+00:00","breadcrumb":{"@id":"https:\/\/www.mybottledesign.pro\/mentions-legales\/#breadcrumb"},"inLanguage":"en-GB","potentialAction":[{"@type":"ReadAction","target":["https:\/\/www.mybottledesign.pro\/mentions-legales\/"]}]},{"@type":"BreadcrumbList","@id":"https:\/\/www.mybottledesign.pro\/mentions-legales\/#breadcrumb","itemListElement":[{"@type":"ListItem","position":1,"name":"Accueil","item":"https:\/\/www.mybottledesign.pro\/"},{"@type":"ListItem","position":2,"name":"Mentions l\u00e9gales"}]},{"@type":"WebSite","@id":"https:\/\/www.mybottledesign.pro\/#website","url":"https:\/\/www.mybottledesign.pro\/","name":"My bottle design","description":"Bouteilles personnalis\u00e9es","publisher":{"@id":"https:\/\/www.mybottledesign.pro\/#organization"},"potentialAction":[{"@type":"SearchAction","target":{"@type":"EntryPoint","urlTemplate":"https:\/\/www.mybottledesign.pro\/?s={search_term_string}"},"query-input":{"@type":"PropertyValueSpecification","valueRequired":true,"valueName":"search_term_string"}}],"inLanguage":"en-GB"},{"@type":"Organization","@id":"https:\/\/www.mybottledesign.pro\/#organization","name":"My bottle design","url":"https:\/\/www.mybottledesign.pro\/","logo":{"@type":"ImageObject","inLanguage":"en-GB","@id":"https:\/\/www.mybottledesign.pro\/#\/schema\/logo\/image\/","url":"https:\/\/www.mybottledesign.pro\/wp-content\/uploads\/2024\/10\/cropped-cropped-logoblack-1.png","contentUrl":"https:\/\/www.mybottledesign.pro\/wp-content\/uploads\/2024\/10\/cropped-cropped-logoblack-1.png","width":671,"height":66,"caption":"My bottle design"},"image":{"@id":"https:\/\/www.mybottledesign.pro\/#\/schema\/logo\/image\/"}}]}},"_links":{"self":[{"href":"https:\/\/www.mybottledesign.pro\/en\/wp-json\/wp\/v2\/pages\/8","targetHints":{"allow":["GET"]}}],"collection":[{"href":"https:\/\/www.mybottledesign.pro\/en\/wp-json\/wp\/v2\/pages"}],"about":[{"href":"https:\/\/www.mybottledesign.pro\/en\/wp-json\/wp\/v2\/types\/page"}],"author":[{"embeddable":true,"href":"https:\/\/www.mybottledesign.pro\/en\/wp-json\/wp\/v2\/users\/1"}],"replies":[{"embeddable":true,"href":"https:\/\/www.mybottledesign.pro\/en\/wp-json\/wp\/v2\/comments?post=8"}],"version-history":[{"count":0,"href":"https:\/\/www.mybottledesign.pro\/en\/wp-json\/wp\/v2\/pages\/8\/revisions"}],"wp:attachment":[{"href":"https:\/\/www.mybottledesign.pro\/en\/wp-json\/wp\/v2\/media?parent=8"}],"curies":[{"name":"wp","href":"https:\/\/api.w.org\/{rel}","templated":true}]}}